{"id":2799,"date":"2023-03-06T13:06:21","date_gmt":"2023-03-06T13:06:21","guid":{"rendered":"https:\/\/kama-kama.gold\/?page_id=2799"},"modified":"2023-11-14T13:18:03","modified_gmt":"2023-11-14T13:18:03","slug":"reiki-details","status":"publish","type":"page","link":"https:\/\/kama-kama.gold\/cz\/reiki-details\/","title":{"rendered":"Reiki Details"},"content":{"rendered":"<p>[et_pb_section fb_built=&#8220;1&#8243; admin_label=&#8220;Vorteile\/Inhalte Sektion&#8220; _builder_version=&#8220;4.16&#8243; _module_preset=&#8220;_initial&#8220; global_colors_info=&#8220;{}&#8220;][et_pb_row _builder_version=&#8220;4.16&#8243; _module_preset=&#8220;7307906e-ed01-4e9d-82a2-1b97bca50aec&#8220; global_colors_info=&#8220;{}&#8220;][et_pb_column type=&#8220;4_4&#8243; _builder_version=&#8220;4.16&#8243; _module_preset=&#8220;default&#8220; global_colors_info=&#8220;{}&#8220;][et_pb_text _builder_version=&#8220;4.20.0&#8243; _module_preset=&#8220;824fa303-a787-4a84-a9c6-cb5d9929940b&#8220; header_4_text_align=&#8220;center&#8220; global_colors_info=&#8220;{}&#8220;]<\/p>\n<h4>Reiki \u2013 univerz\u00e1ln\u00ed energie\u00a0<\/h4>\n<p>[\/et_pb_text][\/et_pb_column][\/et_pb_row][et_pb_row column_structure=&#8220;1_3,1_3,1_3&#8243; _builder_version=&#8220;4.16&#8243; _module_preset=&#8220;d61038e0-cb2d-4730-aa75-67ee203c5c45&#8243; global_colors_info=&#8220;{}&#8220;][et_pb_column type=&#8220;1_3&#8243; _builder_version=&#8220;4.16&#8243; _module_preset=&#8220;default&#8220; global_colors_info=&#8220;{}&#8220;][et_pb_blurb title=&#8220;Was ist Reiki&#8220; _builder_version=&#8220;4.20.0&#8243; _module_preset=&#8220;default&#8220; global_colors_info=&#8220;{}&#8220;]<\/p>\n<p class=\"translation-block\">Reiki se skl\u00e1d\u00e1 z Rei, co\u017e znamen\u00e1 \u201euniverz\u00e1ln\u00ed nebo celek\u201c a Ki, co\u017e je \u201e\u017eivotn\u00ed energie\u201c.<\/p>\n<p>Prost\u0159ednictv\u00edm m\u00e9 mistrin\u011b Reiki pan\u00ed Ivy Jan\u00ed\u010dkov\u00e9, sdru\u017een\u00ed Reiki IRIL v \u010cr, jeho\u017e jsem tak\u00e9 \u010dlenkou, jsem byla zasv\u011bcena do v\u0161ech stup\u0148\u016f Reiki v linii japonsk\u00e9ho Dr. Mikao Usuiho.<\/p>\n<p>Tato energie, naz\u00fdvan\u00e1 Reiki, se pou\u017e\u00edv\u00e1 ji\u017e v\u00edce ne\u017e 100 let. Zasv\u011bcen\u00ed se st\u00e1le prov\u00e1d\u00ed osobn\u011b z mistra ke studentovi, dle Dr. Mikao Usui.\u00a0<\/p>\n<p>[\/et_pb_blurb][\/et_pb_column][et_pb_column type=&#8220;1_3&#8243; _builder_version=&#8220;4.16&#8243; _module_preset=&#8220;default&#8220; global_colors_info=&#8220;{}&#8220;][et_pb_blurb title=&#8220;Wie wirkt Reiki&#8220; _builder_version=&#8220;4.20.0&#8243; _module_preset=&#8220;default&#8220; global_colors_info=&#8220;{}&#8220;]<\/p>\n<p>Reiki je jemn\u00e1 energie. P\u0159en\u00e1\u0161\u00ed se p\u0159ikl\u00e1d\u00e1n\u00edm rukou. Energie proud\u00ed skrze d\u00e1rce k p\u0159\u00edjemci. D\u00edky tomu mohou b\u00fdt t\u011blo a duch v rovnov\u00e1ze nebo se ur\u010dit\u00e1 \u010d\u00e1st t\u011bla m\u016f\u017ee p\u0159ipravit na n\u011bjakou ud\u00e1lost.<\/p>\n<p>Pomoc\u00ed Reiki t\u011b mohu podpo\u0159it v p\u0159\u00edm\u00e9m kontaktu, ale tak\u00e9 nez\u00e1visle na \u010dase a prostoru, tj. p\u0159i l\u00e9\u010db\u011b na d\u00e1lku.<\/p>\n<p class=\"translation-block\">B\u011bhem l\u00e9\u010dby nemus\u00ed\u0161 nic d\u011blat, jen b\u00fdt a p\u0159ij\u00edmat l\u00e9\u010divou energii. Samotn\u00e9 o\u0161et\u0159en\u00ed Reiki trv\u00e1 45 \u2013 60 min.<\/p>\n<p>[\/et_pb_blurb][\/et_pb_column][et_pb_column type=&#8220;1_3&#8243; _builder_version=&#8220;4.16&#8243; _module_preset=&#8220;default&#8220; global_colors_info=&#8220;{}&#8220;][et_pb_blurb title=&#8220;Reiki selbst anwenden&#8220; _builder_version=&#8220;4.20.0&#8243; _module_preset=&#8220;default&#8220; global_colors_info=&#8220;{}&#8220;]<\/p>\n<p>Jakmile se o Reiki dozv\u00edte v\u00edce, mo\u017en\u00e1 brzy poc\u00edt\u00edte touhu sami Reiki pou\u017e\u00edvat, a\u0165 u\u017e na sob\u011b nebo na jin\u00fdch \u017eiv\u00fdch bytostech.<\/p>\n<p>Jsem mistrin\u011b Reiki 5.stupn\u011b a m\u00fdm \u00fakolem je tak\u00e9 p\u0159ed\u00e1vat tuto \u00fa\u017easnou metodu d\u00e1l.<\/p>\n<p>Vyu\u010duji a zasv\u011bcuji do Reiki 1.,2. a 3. stupn\u011b.<\/p>\n<p>Vzhledem k tomu, \u017ee toto zasv\u011bcen\u00ed prov\u00e1d\u00edm pouze osobn\u011b, m\u016f\u017eeme se na term\u00ednu a m\u00edst\u011b domluvit individu\u00e1ln\u011b \u2013 r\u00e1di na va\u0161em obl\u00edben\u00e9m m\u00edst\u011b.<\/p>\n<p>[\/et_pb_blurb][\/et_pb_column][\/et_pb_row][et_pb_row _builder_version=&#8220;4.20.0&#8243; _module_preset=&#8220;default&#8220; custom_padding=&#8220;0px||0px||false|false&#8220; global_colors_info=&#8220;{}&#8220;][et_pb_column type=&#8220;4_4&#8243; _builder_version=&#8220;4.16&#8243; _module_preset=&#8220;default&#8220; global_colors_info=&#8220;{}&#8220;][et_pb_button button_url=&#8220;@ET-DC@eyJkeW5hbWljIjp0cnVlLCJjb250ZW50IjoicG9zdF9saW5rX3VybF9wYWdlIiwic2V0dGluZ3MiOnsicG9zdF9pZCI6IjQwNCJ9fQ==@&#8220; button_text=&#8220;kostenloses Beratungsgespr\u00e4ch&#8220; _builder_version=&#8220;4.23.1&#8243; _dynamic_attributes=&#8220;button_url&#8220; _module_preset=&#8220;default&#8220; custom_margin=&#8220;0px||10px||false|false&#8220; hover_enabled=&#8220;0&#8243; global_colors_info=&#8220;{}&#8220; sticky_enabled=&#8220;0&#8243;][\/et_pb_button][\/et_pb_column][\/et_pb_row][\/et_pb_section]<\/p>","protected":false},"excerpt":{"rendered":"<p>Reiki &#8211;\u00a0 die universelle Energie\u00a0Reiki setzt sich zusammen ausRei, was &#8222;das Universelle bzw. das Ganze&#8220; und Ki, was f\u00fcr &#8222;die Lebensenergie&#8220; steht. Durch meine Reiki Meisterin Iva Jan\u00ed\u010dkov\u00e1, Reiki -Verbandes IRIL in CZ, in dem ich auch Mitglied bin, wurde ich in der Linie des Japaners Dr. Usui Mikao in allen Reikigraden eingeweiht. Diese Energie, [&hellip;]<\/p>","protected":false},"author":1,"featured_media":0,"parent":0,"menu_order":0,"comment_status":"closed","ping_status":"closed","template":"","meta":{"_et_pb_use_builder":"on","_et_pb_old_content":"","_et_gb_content_width":"","footnotes":""},"class_list":["post-2799","page","type-page","status-publish","hentry"],"yoast_head":"<!-- This site is optimized with the Yoast SEO plugin v25.1 - https:\/\/yoast.com\/wordpress\/plugins\/seo\/ -->\n<title>Reiki Details - kama-kama<\/title>\n<meta name=\"robots\" content=\"index, follow, max-snippet:-1, max-image-preview:large, max-video-preview:-1\" \/>\n<link rel=\"canonical\" href=\"https:\/\/kama-kama.gold\/cz\/reiki-details\/\" \/>\n<meta property=\"og:locale\" content=\"cs_CZ\" \/>\n<meta property=\"og:type\" content=\"article\" \/>\n<meta property=\"og:title\" content=\"Reiki Details - kama-kama\" \/>\n<meta property=\"og:description\" content=\"Reiki -\u00a0 die universelle Energie\u00a0Reiki setzt sich zusammen ausRei, was &quot;das Universelle bzw. das Ganze&quot; und Ki, was f\u00fcr &quot;die Lebensenergie&quot; steht. Durch meine Reiki Meisterin Iva Jan\u00ed\u010dkov\u00e1, Reiki -Verbandes IRIL in CZ, in dem ich auch Mitglied bin, wurde ich in der Linie des Japaners Dr. Usui Mikao in allen Reikigraden eingeweiht. Diese Energie, [&hellip;]\" \/>\n<meta property=\"og:url\" content=\"https:\/\/kama-kama.gold\/cz\/reiki-details\/\" \/>\n<meta property=\"og:site_name\" content=\"kama-kama\" \/>\n<meta property=\"article:modified_time\" content=\"2023-11-14T13:18:03+00:00\" \/>\n<meta property=\"og:image\" content=\"https:\/\/kama-kama.gold\/wp-content\/uploads\/2024\/01\/Logo_Feindaten_1200px675px.png\" \/>\n\t<meta property=\"og:image:width\" content=\"1199\" \/>\n\t<meta property=\"og:image:height\" content=\"674\" \/>\n\t<meta property=\"og:image:type\" content=\"image\/png\" \/>\n<meta name=\"twitter:card\" content=\"summary_large_image\" \/>\n<meta name=\"twitter:label1\" content=\"Odhadovan\u00e1 doba \u010dten\u00ed\" \/>\n\t<meta name=\"twitter:data1\" content=\"3 minuty\" \/>\n<script type=\"application\/ld+json\" class=\"yoast-schema-graph\">{\"@context\":\"https:\/\/schema.org\",\"@graph\":[{\"@type\":\"WebPage\",\"@id\":\"https:\/\/kama-kama.gold\/reiki-details\/\",\"url\":\"https:\/\/kama-kama.gold\/reiki-details\/\",\"name\":\"Reiki Details - kama-kama\",\"isPartOf\":{\"@id\":\"https:\/\/kama-kama.gold\/#website\"},\"datePublished\":\"2023-03-06T13:06:21+00:00\",\"dateModified\":\"2023-11-14T13:18:03+00:00\",\"breadcrumb\":{\"@id\":\"https:\/\/kama-kama.gold\/reiki-details\/#breadcrumb\"},\"inLanguage\":\"cs\",\"potentialAction\":[{\"@type\":\"ReadAction\",\"target\":[\"https:\/\/kama-kama.gold\/reiki-details\/\"]}]},{\"@type\":\"BreadcrumbList\",\"@id\":\"https:\/\/kama-kama.gold\/reiki-details\/#breadcrumb\",\"itemListElement\":[{\"@type\":\"ListItem\",\"position\":1,\"name\":\"Startseite\",\"item\":\"https:\/\/kama-kama.gold\/\"},{\"@type\":\"ListItem\",\"position\":2,\"name\":\"Reiki Details\"}]},{\"@type\":\"WebSite\",\"@id\":\"https:\/\/kama-kama.gold\/#website\",\"url\":\"https:\/\/kama-kama.gold\/\",\"name\":\"kama-kama\",\"description\":\"MBSR\/Meditation\",\"publisher\":{\"@id\":\"https:\/\/kama-kama.gold\/#organization\"},\"alternateName\":\"kama - mindful based life\",\"potentialAction\":[{\"@type\":\"SearchAction\",\"target\":{\"@type\":\"EntryPoint\",\"urlTemplate\":\"https:\/\/kama-kama.gold\/?s={search_term_string}\"},\"query-input\":{\"@type\":\"PropertyValueSpecification\",\"valueRequired\":true,\"valueName\":\"search_term_string\"}}],\"inLanguage\":\"cs\"},{\"@type\":\"Organization\",\"@id\":\"https:\/\/kama-kama.gold\/#organization\",\"name\":\"Kama - mindful based life\",\"alternateName\":\"kama-kama.gold\",\"url\":\"https:\/\/kama-kama.gold\/\",\"logo\":{\"@type\":\"ImageObject\",\"inLanguage\":\"cs\",\"@id\":\"https:\/\/kama-kama.gold\/#\/schema\/logo\/image\/\",\"url\":\"https:\/\/kama-kama.gold\/wp-content\/uploads\/2024\/01\/Logo_Feindaten_696px696px.png\",\"contentUrl\":\"https:\/\/kama-kama.gold\/wp-content\/uploads\/2024\/01\/Logo_Feindaten_696px696px.png\",\"width\":694,\"height\":694,\"caption\":\"Kama - mindful based life\"},\"image\":{\"@id\":\"https:\/\/kama-kama.gold\/#\/schema\/logo\/image\/\"}}]}<\/script>\n<!-- \/ Yoast SEO plugin. -->","yoast_head_json":{"title":"Reiki Details - kama-kama","robots":{"index":"index","follow":"follow","max-snippet":"max-snippet:-1","max-image-preview":"max-image-preview:large","max-video-preview":"max-video-preview:-1"},"canonical":"https:\/\/kama-kama.gold\/cz\/reiki-details\/","og_locale":"cs_CZ","og_type":"article","og_title":"Reiki Details - kama-kama","og_description":"Reiki -\u00a0 die universelle Energie\u00a0Reiki setzt sich zusammen ausRei, was \"das Universelle bzw. das Ganze\" und Ki, was f\u00fcr \"die Lebensenergie\" steht. Durch meine Reiki Meisterin Iva Jan\u00ed\u010dkov\u00e1, Reiki -Verbandes IRIL in CZ, in dem ich auch Mitglied bin, wurde ich in der Linie des Japaners Dr. Usui Mikao in allen Reikigraden eingeweiht. Diese Energie, [&hellip;]","og_url":"https:\/\/kama-kama.gold\/cz\/reiki-details\/","og_site_name":"kama-kama","article_modified_time":"2023-11-14T13:18:03+00:00","og_image":[{"width":1199,"height":674,"url":"https:\/\/kama-kama.gold\/wp-content\/uploads\/2024\/01\/Logo_Feindaten_1200px675px.png","type":"image\/png"}],"twitter_card":"summary_large_image","twitter_misc":{"Odhadovan\u00e1 doba \u010dten\u00ed":"3 minuty"},"schema":{"@context":"https:\/\/schema.org","@graph":[{"@type":"WebPage","@id":"https:\/\/kama-kama.gold\/reiki-details\/","url":"https:\/\/kama-kama.gold\/reiki-details\/","name":"Reiki Details - kama-kama","isPartOf":{"@id":"https:\/\/kama-kama.gold\/#website"},"datePublished":"2023-03-06T13:06:21+00:00","dateModified":"2023-11-14T13:18:03+00:00","breadcrumb":{"@id":"https:\/\/kama-kama.gold\/reiki-details\/#breadcrumb"},"inLanguage":"cs","potentialAction":[{"@type":"ReadAction","target":["https:\/\/kama-kama.gold\/reiki-details\/"]}]},{"@type":"BreadcrumbList","@id":"https:\/\/kama-kama.gold\/reiki-details\/#breadcrumb","itemListElement":[{"@type":"ListItem","position":1,"name":"Startseite","item":"https:\/\/kama-kama.gold\/"},{"@type":"ListItem","position":2,"name":"Reiki Details"}]},{"@type":"WebSite","@id":"https:\/\/kama-kama.gold\/#website","url":"https:\/\/kama-kama.gold\/","name":"kama-kama","description":"MBSR\/Meditation","publisher":{"@id":"https:\/\/kama-kama.gold\/#organization"},"alternateName":"kama - mindful based life","potentialAction":[{"@type":"SearchAction","target":{"@type":"EntryPoint","urlTemplate":"https:\/\/kama-kama.gold\/?s={search_term_string}"},"query-input":{"@type":"PropertyValueSpecification","valueRequired":true,"valueName":"search_term_string"}}],"inLanguage":"cs"},{"@type":"Organization","@id":"https:\/\/kama-kama.gold\/#organization","name":"Kama - mindful based life","alternateName":"kama-kama.gold","url":"https:\/\/kama-kama.gold\/","logo":{"@type":"ImageObject","inLanguage":"cs","@id":"https:\/\/kama-kama.gold\/#\/schema\/logo\/image\/","url":"https:\/\/kama-kama.gold\/wp-content\/uploads\/2024\/01\/Logo_Feindaten_696px696px.png","contentUrl":"https:\/\/kama-kama.gold\/wp-content\/uploads\/2024\/01\/Logo_Feindaten_696px696px.png","width":694,"height":694,"caption":"Kama - mindful based life"},"image":{"@id":"https:\/\/kama-kama.gold\/#\/schema\/logo\/image\/"}}]}},"_links":{"self":[{"href":"https:\/\/kama-kama.gold\/cz\/wp-json\/wp\/v2\/pages\/2799","targetHints":{"allow":["GET"]}}],"collection":[{"href":"https:\/\/kama-kama.gold\/cz\/wp-json\/wp\/v2\/pages"}],"about":[{"href":"https:\/\/kama-kama.gold\/cz\/wp-json\/wp\/v2\/types\/page"}],"author":[{"embeddable":true,"href":"https:\/\/kama-kama.gold\/cz\/wp-json\/wp\/v2\/users\/1"}],"replies":[{"embeddable":true,"href":"https:\/\/kama-kama.gold\/cz\/wp-json\/wp\/v2\/comments?post=2799"}],"version-history":[{"count":11,"href":"https:\/\/kama-kama.gold\/cz\/wp-json\/wp\/v2\/pages\/2799\/revisions"}],"predecessor-version":[{"id":2865,"href":"https:\/\/kama-kama.gold\/cz\/wp-json\/wp\/v2\/pages\/2799\/revisions\/2865"}],"wp:attachment":[{"href":"https:\/\/kama-kama.gold\/cz\/wp-json\/wp\/v2\/media?parent=2799"}],"curies":[{"name":"wp","href":"https:\/\/api.w.org\/{rel}","templated":true}]}}