{"id":2815,"date":"2023-03-06T15:57:09","date_gmt":"2023-03-06T15:57:09","guid":{"rendered":"https:\/\/kama-kama.gold\/?page_id=2815"},"modified":"2023-11-14T13:20:00","modified_gmt":"2023-11-14T13:20:00","slug":"meditation-details","status":"publish","type":"page","link":"https:\/\/kama-kama.gold\/cz\/meditation-details\/","title":{"rendered":"Meditation Details"},"content":{"rendered":"<p>[et_pb_section fb_built=&#8220;1&#8243; admin_label=&#8220;Vorteile\/Inhalte Sektion&#8220; _builder_version=&#8220;4.16&#8243; _module_preset=&#8220;_initial&#8220; global_colors_info=&#8220;{}&#8220;][et_pb_row _builder_version=&#8220;4.16&#8243; _module_preset=&#8220;7307906e-ed01-4e9d-82a2-1b97bca50aec&#8220; global_colors_info=&#8220;{}&#8220;][et_pb_column type=&#8220;4_4&#8243; _builder_version=&#8220;4.16&#8243; _module_preset=&#8220;default&#8220; global_colors_info=&#8220;{}&#8220;][et_pb_text _builder_version=&#8220;4.20.0&#8243; _module_preset=&#8220;824fa303-a787-4a84-a9c6-cb5d9929940b&#8220; header_4_text_align=&#8220;center&#8220; global_colors_info=&#8220;{}&#8220;]<\/p>\n<h4>Meditace \u2013 cesta k sob\u011b\u00a0<\/h4>\n<p>[\/et_pb_text][\/et_pb_column][\/et_pb_row][et_pb_row column_structure=&#8220;1_3,1_3,1_3&#8243; _builder_version=&#8220;4.16&#8243; _module_preset=&#8220;d61038e0-cb2d-4730-aa75-67ee203c5c45&#8243; global_colors_info=&#8220;{}&#8220;][et_pb_column type=&#8220;1_3&#8243; _builder_version=&#8220;4.16&#8243; _module_preset=&#8220;default&#8220; global_colors_info=&#8220;{}&#8220;][et_pb_blurb title=&#8220;Was ist eigentlich Meditation&#8220; _builder_version=&#8220;4.20.0&#8243; _module_preset=&#8220;default&#8220; global_colors_info=&#8220;{}&#8220;]<\/p>\n<p>Neexistuje jen jeden spr\u00e1vn\u00fd zp\u016fsob meditace, existuj\u00ed r\u016fzn\u00e9 zp\u016fsoby, kter\u00e9 se vyvinuly z r\u016fzn\u00fdch tradic a navz\u00e1jem mohou vedle sebe existovat.<\/p>\n<p>Z\u00e1kladn\u00ed my\u0161lenka spo\u010d\u00edv\u00e1 v tom, \u017ee se prost\u0159ednictv\u00edm meditace za\u010d\u00edn\u00e1me v\u00edce zab\u00fdvat sv\u00fdm v\u011bdom\u00edm. Do pop\u0159ed\u00ed se dost\u00e1v\u00e1 p\u0159\u00edtomn\u00fd okam\u017eik.<\/p>\n<p>Neusilujeme o stav bez my\u0161lenek, ale sp\u00ed\u0161e se je sna\u017e\u00edme p\u0159ijmout, ani\u017e bychom je soudili.<\/p>\n<p>[\/et_pb_blurb][\/et_pb_column][et_pb_column type=&#8220;1_3&#8243; _builder_version=&#8220;4.16&#8243; _module_preset=&#8220;default&#8220; global_colors_info=&#8220;{}&#8220;][et_pb_blurb title=&#8220;Welche  Meditation biete ich an&#8220; _builder_version=&#8220;4.20.0&#8243; _module_preset=&#8220;default&#8220; global_colors_info=&#8220;{}&#8220;]<\/p>\n<p><span style=\"text-decoration: underline;\">Meditace v sed\u011b dle MBSR<\/span>\u00a0<br \/>V\u011bdom\u00e9 pozorov\u00e1n\u00ed my\u0161lenek, pocit\u016f a vjem\u016f bez posuzov\u00e1n\u00ed. Jde o n\u00e1cvik pro\u017eitku.<br \/>My\u0161lenky p\u0159\u00edch\u00e1zej\u00ed a odch\u00e1zej\u00ed, stejn\u011b jako dech. C\u00edlem je vystoupit z koloto\u010de my\u0161lenek a v\u00edce se uvolnit.<br \/><span style=\"text-decoration: underline;\">Veden\u00e1 meditace<\/span><br \/>Vezmu t\u011b na cestu s vnit\u0159n\u00edmi obrazy. M\u00e1\u0161 tak\u00e9 mo\u017enost po\u017e\u00e1dat o individu\u00e1ln\u00ed cestu.<br \/><span style=\"text-decoration: underline;\">Aktivn\u00ed meditace<\/span><br \/>Prost\u0159ednictv\u00edm pohybu p\u0159ed meditac\u00ed m\u016f\u017ee\u0161 svou mysl l\u00e9pe p\u0159ipravit na ticho.<br \/><span style=\"text-decoration: underline;\">Cesta t\u011blem<\/span><br \/>Cesta tv\u00fdm t\u011blem. Setrv\u00e1me na r\u016fzn\u00fdch m\u00edstech a spole\u010dn\u011b prozkoum\u00e1me, co je v nich k objeven\u00ed.<\/p>\n<p>[\/et_pb_blurb][\/et_pb_column][et_pb_column type=&#8220;1_3&#8243; _builder_version=&#8220;4.16&#8243; _module_preset=&#8220;default&#8220; global_colors_info=&#8220;{}&#8220;][et_pb_blurb title=&#8220;Was bewirkt Meditation&#8220; _builder_version=&#8220;4.20.0&#8243; _module_preset=&#8220;default&#8220; global_colors_info=&#8220;{}&#8220;]<\/p>\n<p>V sou\u010dasn\u00e9 dob\u011b existuje mnoho v\u011bdeck\u00fdch studi\u00ed, kter\u00e9 dokazuj\u00ed, \u017ee pravideln\u00e9 prov\u00e1d\u011bn\u00ed meditace vede k lep\u0161\u00edmu zvl\u00e1d\u00e1n\u00ed stresu.<\/p>\n<p>Kultivuje se pozornost nebo v\u0161\u00edmavost a meditace m\u016f\u017ee dokonce sn\u00ed\u017eit \u00fazkosti nebo strachy.<\/p>\n<p>D\u00edky tomu nar\u016fst\u00e1 kvalita \u017eivota.<\/p>\n<p>[\/et_pb_blurb][\/et_pb_column][\/et_pb_row][et_pb_row _builder_version=&#8220;4.20.0&#8243; _module_preset=&#8220;default&#8220; custom_padding=&#8220;0px||0px||false|false&#8220; global_colors_info=&#8220;{}&#8220;][et_pb_column type=&#8220;4_4&#8243; _builder_version=&#8220;4.16&#8243; _module_preset=&#8220;default&#8220; global_colors_info=&#8220;{}&#8220;][et_pb_button button_url=&#8220;@ET-DC@eyJkeW5hbWljIjp0cnVlLCJjb250ZW50IjoicG9zdF9saW5rX3VybF9wYWdlIiwic2V0dGluZ3MiOnsicG9zdF9pZCI6IjQwNCJ9fQ==@&#8220; button_text=&#8220;kostenloses Beratungsgespr\u00e4ch&#8220; _builder_version=&#8220;4.23.1&#8243; _dynamic_attributes=&#8220;button_url&#8220; _module_preset=&#8220;default&#8220; custom_margin=&#8220;0px||10px||false|false&#8220; hover_enabled=&#8220;0&#8243; global_colors_info=&#8220;{}&#8220; sticky_enabled=&#8220;0&#8243;][\/et_pb_button][\/et_pb_column][\/et_pb_row][\/et_pb_section]<\/p>","protected":false},"excerpt":{"rendered":"<p>Meditation &#8211;\u00a0 der Weg zu Dir\u00a0Es gibt nicht die eine richtige Meditation, es gibt verschiedene Wege, die sich aus unterschiedlichen Traditionen entwickelt haben und nebeneinander existieren k\u00f6nnen. Der Grundtenor ist, dass wir durch Meditation anfangen, uns mit unserem Bewusstsein auseinanderzusetzen. Der jetzige Augenblick steht im Vordergrund. Es geht nicht darum, alle Gedanken zu verbannen, sie [&hellip;]<\/p>","protected":false},"author":1,"featured_media":0,"parent":0,"menu_order":0,"comment_status":"closed","ping_status":"closed","template":"","meta":{"_et_pb_use_builder":"on","_et_pb_old_content":"","_et_gb_content_width":"","footnotes":""},"class_list":["post-2815","page","type-page","status-publish","hentry"],"yoast_head":"<!-- This site is optimized with the Yoast SEO plugin v25.1 - https:\/\/yoast.com\/wordpress\/plugins\/seo\/ -->\n<title>Meditation Details - kama-kama<\/title>\n<meta name=\"robots\" content=\"noindex, follow\" \/>\n<meta property=\"og:locale\" content=\"cs_CZ\" \/>\n<meta property=\"og:type\" content=\"article\" \/>\n<meta property=\"og:title\" content=\"Meditation Details - kama-kama\" \/>\n<meta property=\"og:description\" content=\"Meditation -\u00a0 der Weg zu Dir\u00a0Es gibt nicht die eine richtige Meditation, es gibt verschiedene Wege, die sich aus unterschiedlichen Traditionen entwickelt haben und nebeneinander existieren k\u00f6nnen. Der Grundtenor ist, dass wir durch Meditation anfangen, uns mit unserem Bewusstsein auseinanderzusetzen. Der jetzige Augenblick steht im Vordergrund. Es geht nicht darum, alle Gedanken zu verbannen, sie [&hellip;]\" \/>\n<meta property=\"og:url\" content=\"https:\/\/kama-kama.gold\/cz\/meditation-details\/\" \/>\n<meta property=\"og:site_name\" content=\"kama-kama\" \/>\n<meta property=\"article:modified_time\" content=\"2023-11-14T13:20:00+00:00\" \/>\n<meta property=\"og:image\" content=\"https:\/\/kama-kama.gold\/wp-content\/uploads\/2024\/01\/Logo_Feindaten_1200px675px.png\" \/>\n\t<meta property=\"og:image:width\" content=\"1199\" \/>\n\t<meta property=\"og:image:height\" content=\"674\" \/>\n\t<meta property=\"og:image:type\" content=\"image\/png\" \/>\n<meta name=\"twitter:card\" content=\"summary_large_image\" \/>\n<meta name=\"twitter:label1\" content=\"Odhadovan\u00e1 doba \u010dten\u00ed\" \/>\n\t<meta name=\"twitter:data1\" content=\"3 minuty\" \/>\n<script type=\"application\/ld+json\" class=\"yoast-schema-graph\">{\"@context\":\"https:\/\/schema.org\",\"@graph\":[{\"@type\":\"WebPage\",\"@id\":\"https:\/\/kama-kama.gold\/meditation-details\/\",\"url\":\"https:\/\/kama-kama.gold\/meditation-details\/\",\"name\":\"Meditation Details - kama-kama\",\"isPartOf\":{\"@id\":\"https:\/\/kama-kama.gold\/#website\"},\"datePublished\":\"2023-03-06T15:57:09+00:00\",\"dateModified\":\"2023-11-14T13:20:00+00:00\",\"breadcrumb\":{\"@id\":\"https:\/\/kama-kama.gold\/meditation-details\/#breadcrumb\"},\"inLanguage\":\"cs\",\"potentialAction\":[{\"@type\":\"ReadAction\",\"target\":[\"https:\/\/kama-kama.gold\/meditation-details\/\"]}]},{\"@type\":\"BreadcrumbList\",\"@id\":\"https:\/\/kama-kama.gold\/meditation-details\/#breadcrumb\",\"itemListElement\":[{\"@type\":\"ListItem\",\"position\":1,\"name\":\"Startseite\",\"item\":\"https:\/\/kama-kama.gold\/\"},{\"@type\":\"ListItem\",\"position\":2,\"name\":\"Meditation Details\"}]},{\"@type\":\"WebSite\",\"@id\":\"https:\/\/kama-kama.gold\/#website\",\"url\":\"https:\/\/kama-kama.gold\/\",\"name\":\"kama-kama\",\"description\":\"MBSR\/Meditation\",\"publisher\":{\"@id\":\"https:\/\/kama-kama.gold\/#organization\"},\"alternateName\":\"kama - mindful based life\",\"potentialAction\":[{\"@type\":\"SearchAction\",\"target\":{\"@type\":\"EntryPoint\",\"urlTemplate\":\"https:\/\/kama-kama.gold\/?s={search_term_string}\"},\"query-input\":{\"@type\":\"PropertyValueSpecification\",\"valueRequired\":true,\"valueName\":\"search_term_string\"}}],\"inLanguage\":\"cs\"},{\"@type\":\"Organization\",\"@id\":\"https:\/\/kama-kama.gold\/#organization\",\"name\":\"Kama - mindful based life\",\"alternateName\":\"kama-kama.gold\",\"url\":\"https:\/\/kama-kama.gold\/\",\"logo\":{\"@type\":\"ImageObject\",\"inLanguage\":\"cs\",\"@id\":\"https:\/\/kama-kama.gold\/#\/schema\/logo\/image\/\",\"url\":\"https:\/\/kama-kama.gold\/wp-content\/uploads\/2024\/01\/Logo_Feindaten_696px696px.png\",\"contentUrl\":\"https:\/\/kama-kama.gold\/wp-content\/uploads\/2024\/01\/Logo_Feindaten_696px696px.png\",\"width\":694,\"height\":694,\"caption\":\"Kama - mindful based life\"},\"image\":{\"@id\":\"https:\/\/kama-kama.gold\/#\/schema\/logo\/image\/\"}}]}<\/script>\n<!-- \/ Yoast SEO plugin. -->","yoast_head_json":{"title":"Meditation Details - kama-kama","robots":{"index":"noindex","follow":"follow"},"og_locale":"cs_CZ","og_type":"article","og_title":"Meditation Details - kama-kama","og_description":"Meditation -\u00a0 der Weg zu Dir\u00a0Es gibt nicht die eine richtige Meditation, es gibt verschiedene Wege, die sich aus unterschiedlichen Traditionen entwickelt haben und nebeneinander existieren k\u00f6nnen. Der Grundtenor ist, dass wir durch Meditation anfangen, uns mit unserem Bewusstsein auseinanderzusetzen. Der jetzige Augenblick steht im Vordergrund. Es geht nicht darum, alle Gedanken zu verbannen, sie [&hellip;]","og_url":"https:\/\/kama-kama.gold\/cz\/meditation-details\/","og_site_name":"kama-kama","article_modified_time":"2023-11-14T13:20:00+00:00","og_image":[{"width":1199,"height":674,"url":"https:\/\/kama-kama.gold\/wp-content\/uploads\/2024\/01\/Logo_Feindaten_1200px675px.png","type":"image\/png"}],"twitter_card":"summary_large_image","twitter_misc":{"Odhadovan\u00e1 doba \u010dten\u00ed":"3 minuty"},"schema":{"@context":"https:\/\/schema.org","@graph":[{"@type":"WebPage","@id":"https:\/\/kama-kama.gold\/meditation-details\/","url":"https:\/\/kama-kama.gold\/meditation-details\/","name":"Meditation Details - kama-kama","isPartOf":{"@id":"https:\/\/kama-kama.gold\/#website"},"datePublished":"2023-03-06T15:57:09+00:00","dateModified":"2023-11-14T13:20:00+00:00","breadcrumb":{"@id":"https:\/\/kama-kama.gold\/meditation-details\/#breadcrumb"},"inLanguage":"cs","potentialAction":[{"@type":"ReadAction","target":["https:\/\/kama-kama.gold\/meditation-details\/"]}]},{"@type":"BreadcrumbList","@id":"https:\/\/kama-kama.gold\/meditation-details\/#breadcrumb","itemListElement":[{"@type":"ListItem","position":1,"name":"Startseite","item":"https:\/\/kama-kama.gold\/"},{"@type":"ListItem","position":2,"name":"Meditation Details"}]},{"@type":"WebSite","@id":"https:\/\/kama-kama.gold\/#website","url":"https:\/\/kama-kama.gold\/","name":"kama-kama","description":"MBSR\/Meditation","publisher":{"@id":"https:\/\/kama-kama.gold\/#organization"},"alternateName":"kama - mindful based life","potentialAction":[{"@type":"SearchAction","target":{"@type":"EntryPoint","urlTemplate":"https:\/\/kama-kama.gold\/?s={search_term_string}"},"query-input":{"@type":"PropertyValueSpecification","valueRequired":true,"valueName":"search_term_string"}}],"inLanguage":"cs"},{"@type":"Organization","@id":"https:\/\/kama-kama.gold\/#organization","name":"Kama - mindful based life","alternateName":"kama-kama.gold","url":"https:\/\/kama-kama.gold\/","logo":{"@type":"ImageObject","inLanguage":"cs","@id":"https:\/\/kama-kama.gold\/#\/schema\/logo\/image\/","url":"https:\/\/kama-kama.gold\/wp-content\/uploads\/2024\/01\/Logo_Feindaten_696px696px.png","contentUrl":"https:\/\/kama-kama.gold\/wp-content\/uploads\/2024\/01\/Logo_Feindaten_696px696px.png","width":694,"height":694,"caption":"Kama - mindful based life"},"image":{"@id":"https:\/\/kama-kama.gold\/#\/schema\/logo\/image\/"}}]}},"_links":{"self":[{"href":"https:\/\/kama-kama.gold\/cz\/wp-json\/wp\/v2\/pages\/2815","targetHints":{"allow":["GET"]}}],"collection":[{"href":"https:\/\/kama-kama.gold\/cz\/wp-json\/wp\/v2\/pages"}],"about":[{"href":"https:\/\/kama-kama.gold\/cz\/wp-json\/wp\/v2\/types\/page"}],"author":[{"embeddable":true,"href":"https:\/\/kama-kama.gold\/cz\/wp-json\/wp\/v2\/users\/1"}],"replies":[{"embeddable":true,"href":"https:\/\/kama-kama.gold\/cz\/wp-json\/wp\/v2\/comments?post=2815"}],"version-history":[{"count":7,"href":"https:\/\/kama-kama.gold\/cz\/wp-json\/wp\/v2\/pages\/2815\/revisions"}],"predecessor-version":[{"id":2866,"href":"https:\/\/kama-kama.gold\/cz\/wp-json\/wp\/v2\/pages\/2815\/revisions\/2866"}],"wp:attachment":[{"href":"https:\/\/kama-kama.gold\/cz\/wp-json\/wp\/v2\/media?parent=2815"}],"curies":[{"name":"wp","href":"https:\/\/api.w.org\/{rel}","templated":true}]}}