{"id":358,"date":"2020-03-04T16:15:05","date_gmt":"2020-03-04T16:15:05","guid":{"rendered":"https:\/\/kama-kama.gold\/?page_id=358"},"modified":"2023-06-08T11:02:25","modified_gmt":"2023-06-08T11:02:25","slug":"startseite","status":"publish","type":"page","link":"https:\/\/kama-kama.gold\/cz\/","title":{"rendered":"Home"},"content":{"rendered":"<p>[et_pb_section fb_built=&#8220;1&#8243; _builder_version=&#8220;4.19.0&#8243; _module_preset=&#8220;57d413ac-d1b2-4bd6-a5b9-36ef56a5b285&#8243; background_enable_color=&#8220;off&#8220; background_image=&#8220;https:\/\/kama-kama.gold\/wp-content\/uploads\/2022\/11\/Header_kama_home_Katha_red_chain_blouse2.png&#8220; global_colors_info=&#8220;{}&#8220;][et_pb_row _builder_version=&#8220;4.16&#8243; _module_preset=&#8220;_initial&#8220; global_colors_info=&#8220;{}&#8220;][et_pb_column type=&#8220;4_4&#8243; _builder_version=&#8220;4.16&#8243; global_colors_info=&#8220;{}&#8220;][et_pb_text _builder_version=&#8220;4.19.0&#8243; _module_preset=&#8220;ab8ab9b8-b1dc-4f8d-8470-b4e254d3839e&#8220; header_5_font=&#8220;Poppins Semi Bold Lokal|600|||||||&#8220; header_5_font_size=&#8220;80px&#8220; header_6_font=&#8220;Poppins Thin Lokal|700|||||||&#8220; global_colors_info=&#8220;{}&#8220;]<\/p>\n<h5>Ka\u017ed\u00e1 cesta za\u010d\u00edn\u00e1 prvn\u00edm krokem<\/h5>\n<h6>T\u011b\u0161\u00ed m\u011b, \u017ee jsi tady!<\/h6>\n<p>[\/et_pb_text][\/et_pb_column][\/et_pb_row][\/et_pb_section][et_pb_section fb_built=&#8220;1&#8243; admin_label=&#8220;Vorteile\/Inhalte Sektion&#8220; module_id=&#8220;start&#8220; _builder_version=&#8220;4.16&#8243; _module_preset=&#8220;_initial&#8220; global_colors_info=&#8220;{}&#8220;][et_pb_row _builder_version=&#8220;4.16&#8243; _module_preset=&#8220;7307906e-ed01-4e9d-82a2-1b97bca50aec&#8220; global_colors_info=&#8220;{}&#8220;][et_pb_column type=&#8220;4_4&#8243; _builder_version=&#8220;4.16&#8243; global_colors_info=&#8220;{}&#8220;][et_pb_text _builder_version=&#8220;4.19.0&#8243; _module_preset=&#8220;824fa303-a787-4a84-a9c6-cb5d9929940b&#8220; header_4_text_align=&#8220;center&#8220; text_orientation=&#8220;center&#8220; global_colors_info=&#8220;{}&#8220;]<\/p>\n<h4>V\u00edtejte!<\/h4>\n<p>[\/et_pb_text][et_pb_text _builder_version=&#8220;4.19.0&#8243; _module_preset=&#8220;default&#8220; header_4_text_align=&#8220;center&#8220; text_orientation=&#8220;center&#8220; global_colors_info=&#8220;{}&#8220;]<\/p>\n<div>Na m\u00e9 domovsk\u00e9 str\u00e1nce najdete informace a nab\u00eddky na t\u00e9ma v\u0161\u00edmavost, soucit nebo sebep\u00e9\u010di,<\/div>\n<div>nad\u00e1le se, zde najdete m\u00e9 p\u0159edstaven\u00ed a p\u0159ibl\u00ed\u017een\u00ed m\u00e9 cesty.<\/div>\n<p>[\/et_pb_text][\/et_pb_column][\/et_pb_row][et_pb_row column_structure=&#8220;1_2,1_2&#8243; _builder_version=&#8220;4.16&#8243; _module_preset=&#8220;default&#8220; global_colors_info=&#8220;{}&#8220;][et_pb_column type=&#8220;1_2&#8243; _builder_version=&#8220;4.19.0&#8243; _module_preset=&#8220;default&#8220; global_colors_info=&#8220;{}&#8220;][et_pb_image src=&#8220;https:\/\/kama-kama.gold\/wp-content\/uploads\/2022\/11\/Katha_592x488.png&#8220; title_text=&#8220;Katha_592x488&#8243; _builder_version=&#8220;4.19.0&#8243; global_colors_info=&#8220;{}&#8220;][\/et_pb_image][\/et_pb_column][et_pb_column type=&#8220;1_2&#8243; _builder_version=&#8220;4.16&#8243; _module_preset=&#8220;default&#8220; global_colors_info=&#8220;{}&#8220;][et_pb_text _builder_version=&#8220;4.19.0&#8243; _module_preset=&#8220;824fa303-a787-4a84-a9c6-cb5d9929940b&#8220; global_colors_info=&#8220;{}&#8220;]<\/p>\n<h4>Vezmu t\u011b na cestu pozn\u00e1n\u00ed<\/h4>\n<p>[\/et_pb_text][et_pb_text _builder_version=&#8220;4.19.0&#8243; _module_preset=&#8220;default&#8220; global_colors_info=&#8220;{}&#8220;]<\/p>\n<p>Mo\u017en\u00e1 t\u011b sem p\u0159ivedlo doporu\u010den\u00ed, hledan\u00fd v\u00fdraz nebo zvl\u00e1\u0161tn\u00ed situace. Douf\u00e1m, \u017ee najde\u0161, co hled\u00e1\u0161, dovol mi t\u011b p\u0159iv\u00edtat.<\/p>\n<p>[\/et_pb_text][\/et_pb_column][\/et_pb_row][et_pb_row column_structure=&#8220;1_2,1_2&#8243; _builder_version=&#8220;4.16&#8243; _module_preset=&#8220;_initial&#8220; global_colors_info=&#8220;{}&#8220;][et_pb_column type=&#8220;1_2&#8243; _builder_version=&#8220;4.16&#8243; positioning=&#8220;none&#8220; position_origin_a=&#8220;center_right&#8220; position_origin_a_last_edited=&#8220;off|desktop&#8220; position_origin_f_last_edited=&#8220;off|desktop&#8220; position_origin_r_last_edited=&#8220;off|desktop&#8220; positioning_tablet=&#8220;none&#8220; positioning_last_edited=&#8220;off|desktop&#8220; global_colors_info=&#8220;{}&#8220;][et_pb_image src=&#8220;https:\/\/kama-kama.gold\/wp-content\/uploads\/2022\/11\/Books_leafs.png&#8220; title_text=&#8220;Books_leafs&#8220; _builder_version=&#8220;4.19.0&#8243; global_colors_info=&#8220;{}&#8220;][\/et_pb_image][\/et_pb_column][et_pb_column type=&#8220;1_2&#8243; _builder_version=&#8220;4.16&#8243; positioning=&#8220;none&#8220; border_radii=&#8220;on|3px|3px|3px|3px&#8220; global_colors_info=&#8220;{}&#8220;][et_pb_text _builder_version=&#8220;4.19.0&#8243; _module_preset=&#8220;824fa303-a787-4a84-a9c6-cb5d9929940b&#8220; global_colors_info=&#8220;{}&#8220;]<\/p>\n<h4>Jak ti mohu pomoci?<\/h4>\n<p>[\/et_pb_text][et_pb_text _builder_version=&#8220;4.19.0&#8243; _module_preset=&#8220;default&#8220; global_colors_info=&#8220;{}&#8220;]<\/p>\n<div>Proch\u00e1z\u00ed\u0161 te\u010f slo\u017eitou nebo n\u00e1ro\u010dnou situac\u00ed? Chce\u0161 se nau\u010dit metody, kter\u00e9 ti pomohou<\/div>\n<div>znovu naj\u00edt rovnov\u00e1hu a vyrovnanost?<\/div>\n<div>\n<p>Nebo bys ses cht\u011bl znovu nau\u010dit naslouchat s\u00e1m sob\u011b a vystoupit z re\u017eimu autopilota?<\/p>\n<\/div>\n<div>Pak ti mohu nab\u00eddnout svou pomoc, tak abys sis mohl s\u00e1m pomoct.<\/div>\n<p>[\/et_pb_text][et_pb_button button_url=&#8220;@ET-DC@eyJkeW5hbWljIjp0cnVlLCJjb250ZW50IjoicG9zdF9saW5rX3VybF9wYWdlIiwic2V0dGluZ3MiOnsicG9zdF9pZCI6IjQwNCJ9fQ==@&#8220; url_new_window=&#8220;on&#8220; button_text=&#8220;Ich berate Dich Gern&#8220; button_alignment=&#8220;left&#8220; _builder_version=&#8220;4.19.1&#8243; _dynamic_attributes=&#8220;button_url&#8220; _module_preset=&#8220;default&#8220; global_colors_info=&#8220;{}&#8220;][\/et_pb_button][\/et_pb_column][\/et_pb_row][\/et_pb_section][et_pb_section fb_built=&#8220;1&#8243; _builder_version=&#8220;4.19.0&#8243; _module_preset=&#8220;57d413ac-d1b2-4bd6-a5b9-36ef56a5b285&#8243; background_enable_color=&#8220;off&#8220; background_image=&#8220;https:\/\/kama-kama.gold\/wp-content\/uploads\/2022\/11\/Header_kama_home_Katha_sunset.png&#8220; global_colors_info=&#8220;{}&#8220;][et_pb_row _builder_version=&#8220;4.16&#8243; _module_preset=&#8220;_initial&#8220; global_colors_info=&#8220;{}&#8220;][et_pb_column type=&#8220;4_4&#8243; _builder_version=&#8220;4.16&#8243; global_colors_info=&#8220;{}&#8220;][et_pb_text _builder_version=&#8220;4.19.0&#8243; _module_preset=&#8220;ab8ab9b8-b1dc-4f8d-8470-b4e254d3839e&#8220; text_font=&#8220;Poppins Thin Lokal|700|||||||&#8220; header_5_font=&#8220;Poppins Semi Bold Lokal|600|||||||&#8220; header_5_font_size=&#8220;43px&#8220; global_colors_info=&#8220;{}&#8220;]<\/p>\n<h5>Chceme-li se n\u011bkam posunout nebo se rozv\u00edjet ur\u010dit\u00fdm sm\u011brem, m\u016f\u017eeme za\u010d\u00edt pouze tam, kde jsme pr\u00e1v\u011b te\u010f.<\/h5>\n<p style=\"text-align: right;\">Jon Kabat-Zinn<span>\u00a0<\/span><\/p>\n<p>[\/et_pb_text][\/et_pb_column][\/et_pb_row][\/et_pb_section][et_pb_section fb_built=&#8220;1&#8243; admin_label=&#8220;Vorteile\/Inhalte Sektion&#8220; _builder_version=&#8220;4.16&#8243; global_colors_info=&#8220;{}&#8220;][et_pb_row _builder_version=&#8220;4.16&#8243; _module_preset=&#8220;7307906e-ed01-4e9d-82a2-1b97bca50aec&#8220; global_colors_info=&#8220;{}&#8220;][et_pb_column type=&#8220;4_4&#8243; _builder_version=&#8220;4.16&#8243; global_colors_info=&#8220;{}&#8220;][et_pb_text _builder_version=&#8220;4.19.0&#8243; _module_preset=&#8220;824fa303-a787-4a84-a9c6-cb5d9929940b&#8220; header_4_text_align=&#8220;center&#8220; text_orientation=&#8220;center&#8220; global_colors_info=&#8220;{}&#8220;]<\/p>\n<h4>Zm\u011bny k lep\u0161\u00edmu za\u010d\u00ednaj\u00ed u dobr\u00fdch rozhodnut\u00ed<\/h4>\n<p>[\/et_pb_text][et_pb_text _builder_version=&#8220;4.19.0&#8243; _module_preset=&#8220;default&#8220; header_4_text_align=&#8220;center&#8220; text_orientation=&#8220;center&#8220; global_colors_info=&#8220;{}&#8220;]<\/p>\n<p>Vyberte si oblast, kter\u00e1 v\u00e1s zaujala jako prvn\u00ed neb, kter\u00e1 v\u00e1s nejv\u00edce zaj\u00edm\u00e1. V\u0161echny metody a nab\u00eddky lze tak\u00e9 vz\u00e1jemn\u011b kombinovat nebo pou\u017e\u00edt v libovoln\u00e9m po\u0159ad\u00ed.<\/p>\n<p>[\/et_pb_text][\/et_pb_column][\/et_pb_row][et_pb_row column_structure=&#8220;1_3,1_3,1_3&#8243; _builder_version=&#8220;4.16&#8243; _module_preset=&#8220;_initial&#8220; global_colors_info=&#8220;{}&#8220;][et_pb_column type=&#8220;1_3&#8243; _builder_version=&#8220;4.16&#8243; global_colors_info=&#8220;{}&#8220;][et_pb_blurb title=&#8220;Meditation&#8220; url_new_window=&#8220;on&#8220; use_icon=&#8220;on&#8220; font_icon=&#8220;&#xf679;||fa||900&#8243; _builder_version=&#8220;4.19.0&#8243; _dynamic_attributes=&#8220;link_option_url&#8220; _module_preset=&#8220;_initial&#8220; link_option_url=&#8220;@ET-DC@eyJkeW5hbWljIjp0cnVlLCJjb250ZW50IjoicG9zdF9saW5rX3VybF9wYWdlIiwic2V0dGluZ3MiOnsicG9zdF9pZCI6Ijk0In19@&#8220; link_option_url_new_window=&#8220;on&#8220; global_colors_info=&#8220;{}&#8220;]<\/p>\n<p><span>\u2013 metoda, kter\u00e1 se v mnoha obm\u011bn\u00e1ch pou\u017e\u00edv\u00e1 ji\u017e tis\u00edce let \u2013<\/span><span><\/span><span><\/span><span><\/span><\/p>\n<p><span>Praxe p\u0159in\u00e1\u0161\u00ed trval\u00e9 pozitivn\u00ed zm\u011bny v my\u0161len\u00ed, c\u00edt\u011bn\u00ed a pro\u017e\u00edv\u00e1n\u00ed.<\/span><\/p>\n<p><span><\/span>Klikn\u011bte pro v\u00edce informac\u00ed a nab\u00eddky<span><\/span><span><\/span><\/p>\n<p>[\/et_pb_blurb][\/et_pb_column][et_pb_column type=&#8220;1_3&#8243; _builder_version=&#8220;4.16&#8243; global_colors_info=&#8220;{}&#8220;][et_pb_blurb title=&#8220;Reiki&#8220; url_new_window=&#8220;on&#8220; use_icon=&#8220;on&#8220; font_icon=&#8220;&#xe00a;||divi||400&#8243; _builder_version=&#8220;4.19.0&#8243; _dynamic_attributes=&#8220;link_option_url&#8220; _module_preset=&#8220;_initial&#8220; link_option_url=&#8220;@ET-DC@eyJkeW5hbWljIjp0cnVlLCJjb250ZW50IjoicG9zdF9saW5rX3VybF9wYWdlIiwic2V0dGluZ3MiOnsicG9zdF9pZCI6Ijk0In19@&#8220; link_option_url_new_window=&#8220;on&#8220; global_colors_info=&#8220;{}&#8220;]<\/p>\n<p><span>\u2013 univerz\u00e1ln\u00ed \u017eivotn\u00ed energie \u2013<\/span><span><\/span><span><\/span><span><\/span><\/p>\n<p><span>P\u016fsob\u00ed revitaliza\u010dn\u011b a l\u00e9\u010debn\u011b na t\u011blo, du\u0161i i ducha.<\/span><\/p>\n<p><span><\/span>Klikn\u011bte pro v\u00edce informac\u00ed a nab\u00eddky<span><\/span><span><\/span><\/p>\n<p>[\/et_pb_blurb][\/et_pb_column][et_pb_column type=&#8220;1_3&#8243; _builder_version=&#8220;4.16&#8243; global_colors_info=&#8220;{}&#8220;][et_pb_blurb title=&#8220;MBSR&#8220; url_new_window=&#8220;on&#8220; use_icon=&#8220;on&#8220; font_icon=&#8220;&#xe02d;||divi||400&#8243; _builder_version=&#8220;4.19.0&#8243; _dynamic_attributes=&#8220;link_option_url&#8220; _module_preset=&#8220;_initial&#8220; link_option_url=&#8220;@ET-DC@eyJkeW5hbWljIjp0cnVlLCJjb250ZW50IjoicG9zdF9saW5rX3VybF9wYWdlIiwic2V0dGluZ3MiOnsicG9zdF9pZCI6Ijk0In19@&#8220; link_option_url_new_window=&#8220;on&#8220; global_colors_info=&#8220;{}&#8220;]<\/p>\n<p><span>\u2013 mindfulness based stress reduction \u2013 dle Jon Kabat-Zinn<\/span><span><\/span><\/p>\n<p>Nov\u00fd zp\u016fsob zvl\u00e1d\u00e1n\u00ed stresu, obt\u00ed\u017en\u00fdch situac\u00ed nebo bolesti.<\/p>\n<p><span><\/span>Klikn\u011bte pro v\u00edce informac\u00ed a nab\u00eddky<span><\/span><span><\/span><\/p>\n<p>[\/et_pb_blurb][\/et_pb_column][\/et_pb_row][et_pb_row column_structure=&#8220;1_2,1_2&#8243; _builder_version=&#8220;4.16&#8243; _module_preset=&#8220;_initial&#8220; global_colors_info=&#8220;{}&#8220;][et_pb_column type=&#8220;1_2&#8243; _builder_version=&#8220;4.16&#8243; global_colors_info=&#8220;{}&#8220;][et_pb_image src=&#8220;https:\/\/kama-kama.gold\/wp-content\/uploads\/2022\/11\/Kontakt_chain_mobile.png&#8220; title_text=&#8220;Kontakt_chain_mobile&#8220; _builder_version=&#8220;4.19.0&#8243; global_colors_info=&#8220;{}&#8220;][\/et_pb_image][\/et_pb_column][et_pb_column type=&#8220;1_2&#8243; _builder_version=&#8220;4.16&#8243; global_colors_info=&#8220;{}&#8220;][et_pb_text _builder_version=&#8220;4.19.0&#8243; _module_preset=&#8220;824fa303-a787-4a84-a9c6-cb5d9929940b&#8220; global_colors_info=&#8220;{}&#8220;]<\/p>\n<h4>Chce\u0161 se dozv\u011bd\u011bt v\u00edce?<\/h4>\n<p>[\/et_pb_text][et_pb_text _builder_version=&#8220;4.19.0&#8243; _module_preset=&#8220;34a2fc33-393f-4ae0-9552-41be70139508&#8243; global_colors_info=&#8220;{}&#8220;]<\/p>\n<p>A\u0165 u\u017e si p\u0159eje\u0161 b\u00fdt informov\u00e1n telefonicky nebo E-mailem, r\u00e1da se ti ozvu a pomohu.<\/p>\n<p>[\/et_pb_text][et_pb_button button_url=&#8220;@ET-DC@eyJkeW5hbWljIjp0cnVlLCJjb250ZW50IjoicG9zdF9saW5rX3VybF9wYWdlIiwic2V0dGluZ3MiOnsicG9zdF9pZCI6IjQwNCJ9fQ==@&#8220; button_text=&#8220;zum Kontaktformular&#8220; button_alignment=&#8220;left&#8220; _builder_version=&#8220;4.19.0&#8243; _dynamic_attributes=&#8220;button_url&#8220; _module_preset=&#8220;default&#8220; global_colors_info=&#8220;{}&#8220;][\/et_pb_button][\/et_pb_column][\/et_pb_row][\/et_pb_section][et_pb_section fb_built=&#8220;1&#8243; _builder_version=&#8220;4.7.6&#8243; background_color=&#8220;#F7F6F5&#8243; custom_padding=&#8220;0px||0px||false|false&#8220; custom_padding_tablet=&#8220;0px||0px||false|false&#8220; custom_padding_phone=&#8220;0px||0px||false|false&#8220; global_module=&#8220;1683&#8243; saved_tabs=&#8220;all&#8220; global_colors_info=&#8220;{}&#8220;][et_pb_row custom_padding_last_edited=&#8220;on|phone&#8220; _builder_version=&#8220;4.16&#8243; width=&#8220;95%&#8220; max_width=&#8220;100%&#8220; custom_padding=&#8220;0px||0px||false|false&#8220; custom_padding_tablet=&#8220;0px||0px||false|false&#8220; custom_padding_phone=&#8220;&#8220; global_colors_info=&#8220;{}&#8220;][et_pb_column type=&#8220;4_4&#8243; _builder_version=&#8220;4.16&#8243; global_colors_info=&#8220;{}&#8220;][et_pb_social_media_follow _builder_version=&#8220;4.19.0&#8243; width_tablet=&#8220;100%&#8220; width_phone=&#8220;&#8220; width_last_edited=&#8220;on|tablet&#8220; text_orientation_tablet=&#8220;center&#8220; text_orientation_phone=&#8220;&#8220; text_orientation_last_edited=&#8220;on|tablet&#8220; locked=&#8220;off&#8220; global_colors_info=&#8220;{}&#8220;][et_pb_social_media_follow_network social_network=&#8220;instagram&#8220; url=&#8220;https:\/\/www.instagram.com\/kama.kama.gold\/&#8220; _builder_version=&#8220;4.18.0&#8243; background_color=&#8220;#ea2c59&#8243; global_colors_info=&#8220;{}&#8220; follow_button=&#8220;off&#8220; url_new_window=&#8220;on&#8220;]instagram[\/et_pb_social_media_follow_network][et_pb_social_media_follow_network social_network=&#8220;linkedin&#8220; url=&#8220;https:\/\/www.linkedin.com\/in\/katharina-mikoskova\/&#8220; _builder_version=&#8220;4.18.0&#8243; background_color=&#8220;#007bb6&#8243; global_colors_info=&#8220;{}&#8220; follow_button=&#8220;off&#8220; url_new_window=&#8220;on&#8220;]linkedin[\/et_pb_social_media_follow_network][\/et_pb_social_media_follow][\/et_pb_column][\/et_pb_row][\/et_pb_section]<\/p>","protected":false},"excerpt":{"rendered":"<p>Jeder Weg beginnt mit dem ersten Schritt Sch\u00f6n, dass Du hier bist!Herzlich Willkommen!Du findest auf meiner Homepage Informationen und Angebote rund um das Thema Achtsamkeit, Mitgef\u00fchl und Selbstf\u00fcrsorge sowie \u00fcber mich und meinen Weg.Ich f\u00fchre Dich auf EntdeckungsreiseVielleicht hat Dich eine Empfehlung, ein Suchbegriff oder eine besondere Situation hier her gef\u00fchrt. Ich w\u00fcnsche Dir, dass [&hellip;]<\/p>","protected":false},"author":1,"featured_media":0,"parent":0,"menu_order":0,"comment_status":"closed","ping_status":"closed","template":"","meta":{"_et_pb_use_builder":"on","_et_pb_old_content":"","_et_gb_content_width":"","footnotes":""},"class_list":["post-358","page","type-page","status-publish","hentry"],"yoast_head":"<!-- This site is optimized with the Yoast SEO plugin v25.1 - https:\/\/yoast.com\/wordpress\/plugins\/seo\/ -->\n<title>Home - kama-kama<\/title>\n<meta name=\"robots\" content=\"index, follow, max-snippet:-1, max-image-preview:large, max-video-preview:-1\" \/>\n<link rel=\"canonical\" href=\"https:\/\/kama-kama.gold\/cz\/\" \/>\n<meta property=\"og:locale\" content=\"cs_CZ\" \/>\n<meta property=\"og:type\" content=\"article\" \/>\n<meta property=\"og:title\" content=\"Home - kama-kama\" \/>\n<meta property=\"og:description\" content=\"Jeder Weg beginnt mit dem ersten Schritt Sch\u00f6n, dass Du hier bist!Herzlich Willkommen!Du findest auf meiner Homepage Informationen und Angebote rund um das Thema Achtsamkeit, Mitgef\u00fchl und Selbstf\u00fcrsorge sowie \u00fcber mich und meinen Weg.Ich f\u00fchre Dich auf EntdeckungsreiseVielleicht hat Dich eine Empfehlung, ein Suchbegriff oder eine besondere Situation hier her gef\u00fchrt. Ich w\u00fcnsche Dir, dass [&hellip;]\" \/>\n<meta property=\"og:url\" content=\"https:\/\/kama-kama.gold\/cz\/\" \/>\n<meta property=\"og:site_name\" content=\"kama-kama\" \/>\n<meta property=\"article:modified_time\" content=\"2023-06-08T11:02:25+00:00\" \/>\n<meta property=\"og:image\" content=\"https:\/\/kama-kama.gold\/wp-content\/uploads\/2024\/01\/Logo_Feindaten_1200px675px.png\" \/>\n\t<meta property=\"og:image:width\" content=\"1199\" \/>\n\t<meta property=\"og:image:height\" content=\"674\" \/>\n\t<meta property=\"og:image:type\" content=\"image\/png\" \/>\n<meta name=\"twitter:card\" content=\"summary_large_image\" \/>\n<meta name=\"twitter:label1\" content=\"Odhadovan\u00e1 doba \u010dten\u00ed\" \/>\n\t<meta name=\"twitter:data1\" content=\"8 minut\" \/>\n<script type=\"application\/ld+json\" class=\"yoast-schema-graph\">{\"@context\":\"https:\/\/schema.org\",\"@graph\":[{\"@type\":\"WebPage\",\"@id\":\"https:\/\/kama-kama.gold\/\",\"url\":\"https:\/\/kama-kama.gold\/\",\"name\":\"Home - kama-kama\",\"isPartOf\":{\"@id\":\"https:\/\/kama-kama.gold\/#website\"},\"datePublished\":\"2020-03-04T16:15:05+00:00\",\"dateModified\":\"2023-06-08T11:02:25+00:00\",\"breadcrumb\":{\"@id\":\"https:\/\/kama-kama.gold\/#breadcrumb\"},\"inLanguage\":\"cs\",\"potentialAction\":[{\"@type\":\"ReadAction\",\"target\":[\"https:\/\/kama-kama.gold\/\"]}]},{\"@type\":\"BreadcrumbList\",\"@id\":\"https:\/\/kama-kama.gold\/#breadcrumb\",\"itemListElement\":[{\"@type\":\"ListItem\",\"position\":1,\"name\":\"Startseite\",\"item\":\"https:\/\/kama-kama.gold\/\"},{\"@type\":\"ListItem\",\"position\":2,\"name\":\"Home\"}]},{\"@type\":\"WebSite\",\"@id\":\"https:\/\/kama-kama.gold\/#website\",\"url\":\"https:\/\/kama-kama.gold\/\",\"name\":\"kama-kama\",\"description\":\"MBSR\/Meditation\",\"publisher\":{\"@id\":\"https:\/\/kama-kama.gold\/#organization\"},\"alternateName\":\"kama - mindful based life\",\"potentialAction\":[{\"@type\":\"SearchAction\",\"target\":{\"@type\":\"EntryPoint\",\"urlTemplate\":\"https:\/\/kama-kama.gold\/?s={search_term_string}\"},\"query-input\":{\"@type\":\"PropertyValueSpecification\",\"valueRequired\":true,\"valueName\":\"search_term_string\"}}],\"inLanguage\":\"cs\"},{\"@type\":\"Organization\",\"@id\":\"https:\/\/kama-kama.gold\/#organization\",\"name\":\"Kama - mindful based life\",\"alternateName\":\"kama-kama.gold\",\"url\":\"https:\/\/kama-kama.gold\/\",\"logo\":{\"@type\":\"ImageObject\",\"inLanguage\":\"cs\",\"@id\":\"https:\/\/kama-kama.gold\/#\/schema\/logo\/image\/\",\"url\":\"https:\/\/kama-kama.gold\/wp-content\/uploads\/2024\/01\/Logo_Feindaten_696px696px.png\",\"contentUrl\":\"https:\/\/kama-kama.gold\/wp-content\/uploads\/2024\/01\/Logo_Feindaten_696px696px.png\",\"width\":694,\"height\":694,\"caption\":\"Kama - mindful based life\"},\"image\":{\"@id\":\"https:\/\/kama-kama.gold\/#\/schema\/logo\/image\/\"}}]}<\/script>\n<!-- \/ Yoast SEO plugin. -->","yoast_head_json":{"title":"Home - kama-kama","robots":{"index":"index","follow":"follow","max-snippet":"max-snippet:-1","max-image-preview":"max-image-preview:large","max-video-preview":"max-video-preview:-1"},"canonical":"https:\/\/kama-kama.gold\/cz\/","og_locale":"cs_CZ","og_type":"article","og_title":"Home - kama-kama","og_description":"Jeder Weg beginnt mit dem ersten Schritt Sch\u00f6n, dass Du hier bist!Herzlich Willkommen!Du findest auf meiner Homepage Informationen und Angebote rund um das Thema Achtsamkeit, Mitgef\u00fchl und Selbstf\u00fcrsorge sowie \u00fcber mich und meinen Weg.Ich f\u00fchre Dich auf EntdeckungsreiseVielleicht hat Dich eine Empfehlung, ein Suchbegriff oder eine besondere Situation hier her gef\u00fchrt. Ich w\u00fcnsche Dir, dass [&hellip;]","og_url":"https:\/\/kama-kama.gold\/cz\/","og_site_name":"kama-kama","article_modified_time":"2023-06-08T11:02:25+00:00","og_image":[{"width":1199,"height":674,"url":"https:\/\/kama-kama.gold\/wp-content\/uploads\/2024\/01\/Logo_Feindaten_1200px675px.png","type":"image\/png"}],"twitter_card":"summary_large_image","twitter_misc":{"Odhadovan\u00e1 doba \u010dten\u00ed":"8 minut"},"schema":{"@context":"https:\/\/schema.org","@graph":[{"@type":"WebPage","@id":"https:\/\/kama-kama.gold\/","url":"https:\/\/kama-kama.gold\/","name":"Home - kama-kama","isPartOf":{"@id":"https:\/\/kama-kama.gold\/#website"},"datePublished":"2020-03-04T16:15:05+00:00","dateModified":"2023-06-08T11:02:25+00:00","breadcrumb":{"@id":"https:\/\/kama-kama.gold\/#breadcrumb"},"inLanguage":"cs","potentialAction":[{"@type":"ReadAction","target":["https:\/\/kama-kama.gold\/"]}]},{"@type":"BreadcrumbList","@id":"https:\/\/kama-kama.gold\/#breadcrumb","itemListElement":[{"@type":"ListItem","position":1,"name":"Startseite","item":"https:\/\/kama-kama.gold\/"},{"@type":"ListItem","position":2,"name":"Home"}]},{"@type":"WebSite","@id":"https:\/\/kama-kama.gold\/#website","url":"https:\/\/kama-kama.gold\/","name":"kama-kama","description":"MBSR\/Meditation","publisher":{"@id":"https:\/\/kama-kama.gold\/#organization"},"alternateName":"kama - mindful based life","potentialAction":[{"@type":"SearchAction","target":{"@type":"EntryPoint","urlTemplate":"https:\/\/kama-kama.gold\/?s={search_term_string}"},"query-input":{"@type":"PropertyValueSpecification","valueRequired":true,"valueName":"search_term_string"}}],"inLanguage":"cs"},{"@type":"Organization","@id":"https:\/\/kama-kama.gold\/#organization","name":"Kama - mindful based life","alternateName":"kama-kama.gold","url":"https:\/\/kama-kama.gold\/","logo":{"@type":"ImageObject","inLanguage":"cs","@id":"https:\/\/kama-kama.gold\/#\/schema\/logo\/image\/","url":"https:\/\/kama-kama.gold\/wp-content\/uploads\/2024\/01\/Logo_Feindaten_696px696px.png","contentUrl":"https:\/\/kama-kama.gold\/wp-content\/uploads\/2024\/01\/Logo_Feindaten_696px696px.png","width":694,"height":694,"caption":"Kama - mindful based life"},"image":{"@id":"https:\/\/kama-kama.gold\/#\/schema\/logo\/image\/"}}]}},"_links":{"self":[{"href":"https:\/\/kama-kama.gold\/cz\/wp-json\/wp\/v2\/pages\/358","targetHints":{"allow":["GET"]}}],"collection":[{"href":"https:\/\/kama-kama.gold\/cz\/wp-json\/wp\/v2\/pages"}],"about":[{"href":"https:\/\/kama-kama.gold\/cz\/wp-json\/wp\/v2\/types\/page"}],"author":[{"embeddable":true,"href":"https:\/\/kama-kama.gold\/cz\/wp-json\/wp\/v2\/users\/1"}],"replies":[{"embeddable":true,"href":"https:\/\/kama-kama.gold\/cz\/wp-json\/wp\/v2\/comments?post=358"}],"version-history":[{"count":55,"href":"https:\/\/kama-kama.gold\/cz\/wp-json\/wp\/v2\/pages\/358\/revisions"}],"predecessor-version":[{"id":2843,"href":"https:\/\/kama-kama.gold\/cz\/wp-json\/wp\/v2\/pages\/358\/revisions\/2843"}],"wp:attachment":[{"href":"https:\/\/kama-kama.gold\/cz\/wp-json\/wp\/v2\/media?parent=358"}],"curies":[{"name":"wp","href":"https:\/\/api.w.org\/{rel}","templated":true}]}}