{"id":404,"date":"2020-03-04T18:45:33","date_gmt":"2020-03-04T18:45:33","guid":{"rendered":"https:\/\/kama-kama.gold\/?page_id=404"},"modified":"2022-12-02T12:24:29","modified_gmt":"2022-12-02T12:24:29","slug":"kontakt","status":"publish","type":"page","link":"https:\/\/kama-kama.gold\/cz\/kontakt\/","title":{"rendered":"Kontakt"},"content":{"rendered":"<p>[et_pb_section fb_built=&#8220;1&#8243; admin_label=&#8220;Hero Sektion&#8220; _builder_version=&#8220;4.19.0&#8243; _module_preset=&#8220;c032c871-fcff-4d9b-93e1-1931523395a3&#8243; background_enable_color=&#8220;off&#8220; background_image=&#8220;https:\/\/kama-kama.gold\/wp-content\/uploads\/2022\/11\/Header_kama_home_Katha_ginseng2.png&#8220; global_colors_info=&#8220;{}&#8220;][et_pb_row _builder_version=&#8220;4.16&#8243; _module_preset=&#8220;_initial&#8220; global_colors_info=&#8220;{}&#8220;][et_pb_column type=&#8220;4_4&#8243; _builder_version=&#8220;4.16&#8243; global_colors_info=&#8220;{}&#8220;][et_pb_text _builder_version=&#8220;4.19.0&#8243; _module_preset=&#8220;ab8ab9b8-b1dc-4f8d-8470-b4e254d3839e&#8220; header_font=&#8220;Poppins Semi Bold Lokal|600|||||||&#8220; global_colors_info=&#8220;{}&#8220;]<\/p>\n<h1>Kontakt<\/h1>\n<p>[\/et_pb_text][\/et_pb_column][\/et_pb_row][\/et_pb_section][et_pb_section fb_built=&#8220;1&#8243; admin_label=&#8220;Intro Sektion&#8220; _builder_version=&#8220;4.16&#8243; _module_preset=&#8220;_initial&#8220; global_colors_info=&#8220;{}&#8220;][et_pb_row _builder_version=&#8220;4.16&#8243; _module_preset=&#8220;699a1a14-aa99-453a-ab2e-46d49b6bbd5e&#8220; global_colors_info=&#8220;{}&#8220;][et_pb_column type=&#8220;4_4&#8243; _builder_version=&#8220;4.16&#8243; global_colors_info=&#8220;{}&#8220;][et_pb_text _builder_version=&#8220;4.19.0&#8243; _module_preset=&#8220;default&#8220; header_3_font=&#8220;Poppins Thin Lokal|700|||||||&#8220; global_colors_info=&#8220;{}&#8220;]<\/p>\n<h3>D\u011bkuji za tv\u016fj z\u00e1jem. Pros\u00ed zanech kr\u00e1tkou zpr\u00e1vu, ve kter\u00e9 mi m\u016f\u017ee\u0161 sd\u011blit sv\u016fj po\u017eadavek. Pot\u00e9 se ozvu zp\u011bt.<\/h3>\n<p>[\/et_pb_text][\/et_pb_column][\/et_pb_row][et_pb_row _builder_version=&#8220;4.16&#8243; _module_preset=&#8220;_initial&#8220; custom_padding=&#8220;0px||40px||false|false&#8220; global_colors_info=&#8220;{}&#8220;][et_pb_column type=&#8220;4_4&#8243; _builder_version=&#8220;4.16&#8243; global_colors_info=&#8220;{}&#8220;][et_pb_contact_form captcha=&#8220;off&#8220; submit_button_text=&#8220;Formular absenden&#8220; _builder_version=&#8220;4.19.2&#8243; _unique_id=&#8220;b32937f5-c9e9-447e-8e4f-d18f14f65a63&#8243; form_field_font=&#8220;Poppins Thin Lokal|700|||||||&#8220; button_bg_color=&#8220;#E6B02E&#8220; button_border_radius=&#8220;100px&#8220; hover_enabled=&#8220;0&#8243; global_colors_info=&#8220;{}&#8220; email=&#8220;mail@kama-kama.gold&#8220; sticky_enabled=&#8220;0&#8243;][et_pb_contact_field field_id=&#8220;Name&#8220; field_title=&#8220;Vor- und Nachname&#8220; _builder_version=&#8220;4.19.0&#8243; global_colors_info=&#8220;{}&#8220; button_text_size__hover_enabled=&#8220;off&#8220; button_one_text_size__hover_enabled=&#8220;off&#8220; button_two_text_size__hover_enabled=&#8220;off&#8220; button_text_color__hover_enabled=&#8220;off&#8220; button_one_text_color__hover_enabled=&#8220;off&#8220; button_two_text_color__hover_enabled=&#8220;off&#8220; button_border_width__hover_enabled=&#8220;off&#8220; button_one_border_width__hover_enabled=&#8220;off&#8220; button_two_border_width__hover_enabled=&#8220;off&#8220; button_border_color__hover_enabled=&#8220;off&#8220; button_one_border_color__hover_enabled=&#8220;off&#8220; button_two_border_color__hover_enabled=&#8220;off&#8220; button_border_radius__hover_enabled=&#8220;off&#8220; button_one_border_radius__hover_enabled=&#8220;off&#8220; button_two_border_radius__hover_enabled=&#8220;off&#8220; button_letter_spacing__hover_enabled=&#8220;off&#8220; button_one_letter_spacing__hover_enabled=&#8220;off&#8220; button_two_letter_spacing__hover_enabled=&#8220;off&#8220; button_bg_color__hover_enabled=&#8220;off&#8220; button_one_bg_color__hover_enabled=&#8220;off&#8220; button_two_bg_color__hover_enabled=&#8220;off&#8220;][\/et_pb_contact_field][et_pb_contact_field field_id=&#8220;Email&#8220; field_title=&#8220;E-Mail-Adresse&#8220; field_type=&#8220;email&#8220; _builder_version=&#8220;4.19.2&#8243; form_field_font=&#8220;Poppins Thin Lokal|700|||||||&#8220; hover_enabled=&#8220;0&#8243; global_colors_info=&#8220;{}&#8220; button_text_size__hover_enabled=&#8220;off&#8220; button_one_text_size__hover_enabled=&#8220;off&#8220; button_two_text_size__hover_enabled=&#8220;off&#8220; button_text_color__hover_enabled=&#8220;off&#8220; button_one_text_color__hover_enabled=&#8220;off&#8220; button_two_text_color__hover_enabled=&#8220;off&#8220; button_border_width__hover_enabled=&#8220;off&#8220; button_one_border_width__hover_enabled=&#8220;off&#8220; button_two_border_width__hover_enabled=&#8220;off&#8220; button_border_color__hover_enabled=&#8220;off&#8220; button_one_border_color__hover_enabled=&#8220;off&#8220; button_two_border_color__hover_enabled=&#8220;off&#8220; button_border_radius__hover_enabled=&#8220;off&#8220; button_one_border_radius__hover_enabled=&#8220;off&#8220; button_two_border_radius__hover_enabled=&#8220;off&#8220; button_letter_spacing__hover_enabled=&#8220;off&#8220; button_one_letter_spacing__hover_enabled=&#8220;off&#8220; button_two_letter_spacing__hover_enabled=&#8220;off&#8220; button_bg_color__hover_enabled=&#8220;off&#8220; button_one_bg_color__hover_enabled=&#8220;off&#8220; button_two_bg_color__hover_enabled=&#8220;off&#8220; sticky_enabled=&#8220;0&#8243;][\/et_pb_contact_field][et_pb_contact_field field_id=&#8220;nachricht&#8220; field_title=&#8220;Nachricht&#8220; field_type=&#8220;text&#8220; fullwidth_field=&#8220;on&#8220; _builder_version=&#8220;4.19.0&#8243; global_colors_info=&#8220;{}&#8220; button_text_size__hover_enabled=&#8220;off&#8220; button_one_text_size__hover_enabled=&#8220;off&#8220; button_two_text_size__hover_enabled=&#8220;off&#8220; button_text_color__hover_enabled=&#8220;off&#8220; button_one_text_color__hover_enabled=&#8220;off&#8220; button_two_text_color__hover_enabled=&#8220;off&#8220; button_border_width__hover_enabled=&#8220;off&#8220; button_one_border_width__hover_enabled=&#8220;off&#8220; button_two_border_width__hover_enabled=&#8220;off&#8220; button_border_color__hover_enabled=&#8220;off&#8220; button_one_border_color__hover_enabled=&#8220;off&#8220; button_two_border_color__hover_enabled=&#8220;off&#8220; button_border_radius__hover_enabled=&#8220;off&#8220; button_one_border_radius__hover_enabled=&#8220;off&#8220; button_two_border_radius__hover_enabled=&#8220;off&#8220; button_letter_spacing__hover_enabled=&#8220;off&#8220; button_one_letter_spacing__hover_enabled=&#8220;off&#8220; button_two_letter_spacing__hover_enabled=&#8220;off&#8220; button_bg_color__hover_enabled=&#8220;off&#8220; button_one_bg_color__hover_enabled=&#8220;off&#8220; button_two_bg_color__hover_enabled=&#8220;off&#8220;][\/et_pb_contact_field][et_pb_contact_field field_id=&#8220;datenschutz&#8220; field_title=&#8220;Hinweis zum Datenschutz&#8220; field_type=&#8220;checkbox&#8220; checkbox_options=&#8220;%91{%22value%22:%22Ich best\u00e4tige, dass ich die Datenschutzerkl\u00e4rung zur Kenntnis genommen habe. %22,%22checked%22:0,%22dragID%22:-1,%22link_url%22:%22https:\/\/deine-domain.de\/datenschutz%22}%93&#8243; fullwidth_field=&#8220;on&#8220; _builder_version=&#8220;4.19.0&#8243; global_colors_info=&#8220;{}&#8220; button_text_size__hover_enabled=&#8220;off&#8220; button_one_text_size__hover_enabled=&#8220;off&#8220; button_two_text_size__hover_enabled=&#8220;off&#8220; button_text_color__hover_enabled=&#8220;off&#8220; button_one_text_color__hover_enabled=&#8220;off&#8220; button_two_text_color__hover_enabled=&#8220;off&#8220; button_border_width__hover_enabled=&#8220;off&#8220; button_one_border_width__hover_enabled=&#8220;off&#8220; button_two_border_width__hover_enabled=&#8220;off&#8220; button_border_color__hover_enabled=&#8220;off&#8220; button_one_border_color__hover_enabled=&#8220;off&#8220; button_two_border_color__hover_enabled=&#8220;off&#8220; button_border_radius__hover_enabled=&#8220;off&#8220; button_one_border_radius__hover_enabled=&#8220;off&#8220; button_two_border_radius__hover_enabled=&#8220;off&#8220; button_letter_spacing__hover_enabled=&#8220;off&#8220; button_one_letter_spacing__hover_enabled=&#8220;off&#8220; button_two_letter_spacing__hover_enabled=&#8220;off&#8220; button_bg_color__hover_enabled=&#8220;off&#8220; button_one_bg_color__hover_enabled=&#8220;off&#8220; button_two_bg_color__hover_enabled=&#8220;off&#8220;][\/et_pb_contact_field][\/et_pb_contact_form][\/et_pb_column][\/et_pb_row][\/et_pb_section][et_pb_section fb_built=&#8220;1&#8243; _builder_version=&#8220;4.7.6&#8243; background_color=&#8220;#F7F6F5&#8243; custom_padding=&#8220;0px||0px||false|false&#8220; custom_padding_tablet=&#8220;0px||0px||false|false&#8220; custom_padding_phone=&#8220;0px||0px||false|false&#8220; global_module=&#8220;1683&#8243; saved_tabs=&#8220;all&#8220; global_colors_info=&#8220;{}&#8220;][et_pb_row custom_padding_last_edited=&#8220;on|phone&#8220; _builder_version=&#8220;4.16&#8243; width=&#8220;95%&#8220; max_width=&#8220;100%&#8220; custom_padding=&#8220;0px||0px||false|false&#8220; custom_padding_tablet=&#8220;0px||0px||false|false&#8220; custom_padding_phone=&#8220;&#8220; global_colors_info=&#8220;{}&#8220;][et_pb_column type=&#8220;4_4&#8243; _builder_version=&#8220;4.16&#8243; global_colors_info=&#8220;{}&#8220;][et_pb_social_media_follow _builder_version=&#8220;4.19.0&#8243; width_tablet=&#8220;100%&#8220; width_phone=&#8220;&#8220; width_last_edited=&#8220;on|tablet&#8220; text_orientation_tablet=&#8220;center&#8220; text_orientation_phone=&#8220;&#8220; text_orientation_last_edited=&#8220;on|tablet&#8220; locked=&#8220;off&#8220; global_colors_info=&#8220;{}&#8220;][et_pb_social_media_follow_network social_network=&#8220;instagram&#8220; url=&#8220;https:\/\/www.instagram.com\/kama.kama.gold\/&#8220; _builder_version=&#8220;4.18.0&#8243; background_color=&#8220;#ea2c59&#8243; global_colors_info=&#8220;{}&#8220; follow_button=&#8220;off&#8220; url_new_window=&#8220;on&#8220;]instagram[\/et_pb_social_media_follow_network][et_pb_social_media_follow_network social_network=&#8220;linkedin&#8220; url=&#8220;https:\/\/www.linkedin.com\/in\/katharina-mikoskova\/&#8220; _builder_version=&#8220;4.18.0&#8243; background_color=&#8220;#007bb6&#8243; global_colors_info=&#8220;{}&#8220; follow_button=&#8220;off&#8220; url_new_window=&#8220;on&#8220;]linkedin[\/et_pb_social_media_follow_network][\/et_pb_social_media_follow][\/et_pb_column][\/et_pb_row][\/et_pb_section]<\/p>","protected":false},"excerpt":{"rendered":"<p>KontaktIch freue mich \u00fcber Dein Interesse. Bitte hinterlasse mir eine kurze Nachricht, was Dein Anliegen ist. Ich melde mich dann bei Dir.<\/p>","protected":false},"author":1,"featured_media":0,"parent":0,"menu_order":0,"comment_status":"closed","ping_status":"closed","template":"","meta":{"_et_pb_use_builder":"on","_et_pb_old_content":"","_et_gb_content_width":"","footnotes":""},"class_list":["post-404","page","type-page","status-publish","hentry"],"yoast_head":"<!-- This site is optimized with the Yoast SEO plugin v25.1 - https:\/\/yoast.com\/wordpress\/plugins\/seo\/ -->\n<title>Kontakt - kama-kama<\/title>\n<meta name=\"robots\" content=\"index, follow, max-snippet:-1, max-image-preview:large, max-video-preview:-1\" \/>\n<link rel=\"canonical\" href=\"https:\/\/kama-kama.gold\/cz\/kontakt\/\" \/>\n<meta property=\"og:locale\" content=\"cs_CZ\" \/>\n<meta property=\"og:type\" content=\"article\" \/>\n<meta property=\"og:title\" content=\"Kontakt - kama-kama\" \/>\n<meta property=\"og:description\" content=\"KontaktIch freue mich \u00fcber Dein Interesse. Bitte hinterlasse mir eine kurze Nachricht, was Dein Anliegen ist. Ich melde mich dann bei Dir.\" \/>\n<meta property=\"og:url\" content=\"https:\/\/kama-kama.gold\/cz\/kontakt\/\" \/>\n<meta property=\"og:site_name\" content=\"kama-kama\" \/>\n<meta property=\"article:modified_time\" content=\"2022-12-02T12:24:29+00:00\" \/>\n<meta property=\"og:image\" content=\"https:\/\/kama-kama.gold\/wp-content\/uploads\/2024\/01\/Logo_Feindaten_1200px675px.png\" \/>\n\t<meta property=\"og:image:width\" content=\"1199\" \/>\n\t<meta property=\"og:image:height\" content=\"674\" \/>\n\t<meta property=\"og:image:type\" content=\"image\/png\" \/>\n<meta name=\"twitter:card\" content=\"summary_large_image\" \/>\n<meta name=\"twitter:label1\" content=\"Odhadovan\u00e1 doba \u010dten\u00ed\" \/>\n\t<meta name=\"twitter:data1\" content=\"6 minut\" \/>\n<script type=\"application\/ld+json\" class=\"yoast-schema-graph\">{\"@context\":\"https:\/\/schema.org\",\"@graph\":[{\"@type\":\"WebPage\",\"@id\":\"https:\/\/kama-kama.gold\/kontakt\/\",\"url\":\"https:\/\/kama-kama.gold\/kontakt\/\",\"name\":\"Kontakt - kama-kama\",\"isPartOf\":{\"@id\":\"https:\/\/kama-kama.gold\/#website\"},\"datePublished\":\"2020-03-04T18:45:33+00:00\",\"dateModified\":\"2022-12-02T12:24:29+00:00\",\"breadcrumb\":{\"@id\":\"https:\/\/kama-kama.gold\/kontakt\/#breadcrumb\"},\"inLanguage\":\"cs\",\"potentialAction\":[{\"@type\":\"ReadAction\",\"target\":[\"https:\/\/kama-kama.gold\/kontakt\/\"]}]},{\"@type\":\"BreadcrumbList\",\"@id\":\"https:\/\/kama-kama.gold\/kontakt\/#breadcrumb\",\"itemListElement\":[{\"@type\":\"ListItem\",\"position\":1,\"name\":\"Startseite\",\"item\":\"https:\/\/kama-kama.gold\/\"},{\"@type\":\"ListItem\",\"position\":2,\"name\":\"Kontakt\"}]},{\"@type\":\"WebSite\",\"@id\":\"https:\/\/kama-kama.gold\/#website\",\"url\":\"https:\/\/kama-kama.gold\/\",\"name\":\"kama-kama\",\"description\":\"MBSR\/Meditation\",\"publisher\":{\"@id\":\"https:\/\/kama-kama.gold\/#organization\"},\"alternateName\":\"kama - mindful based life\",\"potentialAction\":[{\"@type\":\"SearchAction\",\"target\":{\"@type\":\"EntryPoint\",\"urlTemplate\":\"https:\/\/kama-kama.gold\/?s={search_term_string}\"},\"query-input\":{\"@type\":\"PropertyValueSpecification\",\"valueRequired\":true,\"valueName\":\"search_term_string\"}}],\"inLanguage\":\"cs\"},{\"@type\":\"Organization\",\"@id\":\"https:\/\/kama-kama.gold\/#organization\",\"name\":\"Kama - mindful based life\",\"alternateName\":\"kama-kama.gold\",\"url\":\"https:\/\/kama-kama.gold\/\",\"logo\":{\"@type\":\"ImageObject\",\"inLanguage\":\"cs\",\"@id\":\"https:\/\/kama-kama.gold\/#\/schema\/logo\/image\/\",\"url\":\"https:\/\/kama-kama.gold\/wp-content\/uploads\/2024\/01\/Logo_Feindaten_696px696px.png\",\"contentUrl\":\"https:\/\/kama-kama.gold\/wp-content\/uploads\/2024\/01\/Logo_Feindaten_696px696px.png\",\"width\":694,\"height\":694,\"caption\":\"Kama - mindful based life\"},\"image\":{\"@id\":\"https:\/\/kama-kama.gold\/#\/schema\/logo\/image\/\"}}]}<\/script>\n<!-- \/ Yoast SEO plugin. -->","yoast_head_json":{"title":"Kontakt - kama-kama","robots":{"index":"index","follow":"follow","max-snippet":"max-snippet:-1","max-image-preview":"max-image-preview:large","max-video-preview":"max-video-preview:-1"},"canonical":"https:\/\/kama-kama.gold\/cz\/kontakt\/","og_locale":"cs_CZ","og_type":"article","og_title":"Kontakt - kama-kama","og_description":"KontaktIch freue mich \u00fcber Dein Interesse. Bitte hinterlasse mir eine kurze Nachricht, was Dein Anliegen ist. Ich melde mich dann bei Dir.","og_url":"https:\/\/kama-kama.gold\/cz\/kontakt\/","og_site_name":"kama-kama","article_modified_time":"2022-12-02T12:24:29+00:00","og_image":[{"width":1199,"height":674,"url":"https:\/\/kama-kama.gold\/wp-content\/uploads\/2024\/01\/Logo_Feindaten_1200px675px.png","type":"image\/png"}],"twitter_card":"summary_large_image","twitter_misc":{"Odhadovan\u00e1 doba \u010dten\u00ed":"6 minut"},"schema":{"@context":"https:\/\/schema.org","@graph":[{"@type":"WebPage","@id":"https:\/\/kama-kama.gold\/kontakt\/","url":"https:\/\/kama-kama.gold\/kontakt\/","name":"Kontakt - kama-kama","isPartOf":{"@id":"https:\/\/kama-kama.gold\/#website"},"datePublished":"2020-03-04T18:45:33+00:00","dateModified":"2022-12-02T12:24:29+00:00","breadcrumb":{"@id":"https:\/\/kama-kama.gold\/kontakt\/#breadcrumb"},"inLanguage":"cs","potentialAction":[{"@type":"ReadAction","target":["https:\/\/kama-kama.gold\/kontakt\/"]}]},{"@type":"BreadcrumbList","@id":"https:\/\/kama-kama.gold\/kontakt\/#breadcrumb","itemListElement":[{"@type":"ListItem","position":1,"name":"Startseite","item":"https:\/\/kama-kama.gold\/"},{"@type":"ListItem","position":2,"name":"Kontakt"}]},{"@type":"WebSite","@id":"https:\/\/kama-kama.gold\/#website","url":"https:\/\/kama-kama.gold\/","name":"kama-kama","description":"MBSR\/Meditation","publisher":{"@id":"https:\/\/kama-kama.gold\/#organization"},"alternateName":"kama - mindful based life","potentialAction":[{"@type":"SearchAction","target":{"@type":"EntryPoint","urlTemplate":"https:\/\/kama-kama.gold\/?s={search_term_string}"},"query-input":{"@type":"PropertyValueSpecification","valueRequired":true,"valueName":"search_term_string"}}],"inLanguage":"cs"},{"@type":"Organization","@id":"https:\/\/kama-kama.gold\/#organization","name":"Kama - mindful based life","alternateName":"kama-kama.gold","url":"https:\/\/kama-kama.gold\/","logo":{"@type":"ImageObject","inLanguage":"cs","@id":"https:\/\/kama-kama.gold\/#\/schema\/logo\/image\/","url":"https:\/\/kama-kama.gold\/wp-content\/uploads\/2024\/01\/Logo_Feindaten_696px696px.png","contentUrl":"https:\/\/kama-kama.gold\/wp-content\/uploads\/2024\/01\/Logo_Feindaten_696px696px.png","width":694,"height":694,"caption":"Kama - mindful based life"},"image":{"@id":"https:\/\/kama-kama.gold\/#\/schema\/logo\/image\/"}}]}},"_links":{"self":[{"href":"https:\/\/kama-kama.gold\/cz\/wp-json\/wp\/v2\/pages\/404","targetHints":{"allow":["GET"]}}],"collection":[{"href":"https:\/\/kama-kama.gold\/cz\/wp-json\/wp\/v2\/pages"}],"about":[{"href":"https:\/\/kama-kama.gold\/cz\/wp-json\/wp\/v2\/types\/page"}],"author":[{"embeddable":true,"href":"https:\/\/kama-kama.gold\/cz\/wp-json\/wp\/v2\/users\/1"}],"replies":[{"embeddable":true,"href":"https:\/\/kama-kama.gold\/cz\/wp-json\/wp\/v2\/comments?post=404"}],"version-history":[{"count":18,"href":"https:\/\/kama-kama.gold\/cz\/wp-json\/wp\/v2\/pages\/404\/revisions"}],"predecessor-version":[{"id":2786,"href":"https:\/\/kama-kama.gold\/cz\/wp-json\/wp\/v2\/pages\/404\/revisions\/2786"}],"wp:attachment":[{"href":"https:\/\/kama-kama.gold\/cz\/wp-json\/wp\/v2\/media?parent=404"}],"curies":[{"name":"wp","href":"https:\/\/api.w.org\/{rel}","templated":true}]}}